{"id":5190,"date":"2025-07-06T10:32:52","date_gmt":"2025-07-06T10:32:52","guid":{"rendered":"https:\/\/ats.ba\/?page_id=5190"},"modified":"2025-07-06T10:32:52","modified_gmt":"2025-07-06T10:32:52","slug":"clients-2","status":"publish","type":"page","link":"https:\/\/ats.ba\/en\/clients-2\/","title":{"rendered":"Clients"},"content":{"rendered":"<div class=\"fusion-fullwidth fullwidth-box fusion-builder-row-1 fusion-flex-container has-pattern-background has-mask-background nonhundred-percent-fullwidth non-hundred-percent-height-scrolling\" style=\"--awb-border-radius-top-left:0px;--awb-border-radius-top-right:0px;--awb-border-radius-bottom-right:0px;--awb-border-radius-bottom-left:0px;--awb-margin-top:30px;--awb-margin-bottom:50px;--awb-margin-top-medium:30px;--awb-margin-top-small:10px;--awb-flex-wrap:wrap;\" id=\"neuroloski-pregledi\" ><div class=\"fusion-builder-row fusion-row fusion-flex-align-items-center fusion-flex-content-wrap\" style=\"max-width:1372.8px;margin-left: calc(-4% \/ 2 );margin-right: calc(-4% \/ 2 );\"><div class=\"fusion-layout-column fusion_builder_column fusion-builder-column-0 fusion_builder_column_1_1 1_1 fusion-flex-column\" style=\"--awb-bg-size:cover;--awb-width-large:100%;--awb-margin-top-large:0px;--awb-spacing-right-large:1.92%;--awb-margin-bottom-large:20px;--awb-spacing-left-large:1.92%;--awb-width-medium:100%;--awb-order-medium:0;--awb-spacing-right-medium:1.92%;--awb-spacing-left-medium:1.92%;--awb-width-small:100%;--awb-order-small:0;--awb-spacing-right-small:1.92%;--awb-spacing-left-small:1.92%;\" data-scroll-devices=\"small-visibility,medium-visibility,large-visibility\"><div class=\"fusion-column-wrapper fusion-column-has-shadow fusion-flex-justify-content-flex-start fusion-content-layout-column\"><div class=\"fusion-text fusion-text-1 sm-text-align-center fusion-text-no-margin\" style=\"--awb-font-size:20px;--awb-text-color:var(--awb-color7);--awb-margin-bottom:0px;--awb-text-font-family:&quot;Rubik&quot;;--awb-text-font-style:normal;--awb-text-font-weight:400;\"><p>List of over 100 companies and institutions (full list available in Bosnian source document).<\/p>\n<\/div><\/div><\/div><div class=\"fusion-layout-column fusion_builder_column fusion-builder-column-1 fusion_builder_column_1_2 1_2 fusion-flex-column fusion-flex-align-self-flex-start\" style=\"--awb-bg-size:cover;--awb-width-large:50%;--awb-margin-top-large:0px;--awb-spacing-right-large:3.84%;--awb-margin-bottom-large:20px;--awb-spacing-left-large:3.84%;--awb-width-medium:50%;--awb-order-medium:0;--awb-spacing-right-medium:3.84%;--awb-spacing-left-medium:3.84%;--awb-width-small:100%;--awb-order-small:0;--awb-spacing-right-small:1.92%;--awb-spacing-left-small:1.92%;\" data-scroll-devices=\"small-visibility,medium-visibility,large-visibility\"><div class=\"fusion-column-wrapper fusion-column-has-shadow fusion-flex-justify-content-flex-start fusion-content-layout-column\"><ul style=\"--awb-size:17px;--awb-item-padding-top:20px;--awb-item-padding-right:20px;--awb-item-padding-bottom:20px;--awb-item-padding-left:15px;--awb-odd-row-bgcolor:#f3f9f0;--awb-even-row-bgcolor:var(--awb-color1);--awb-iconcolor:var(--awb-custom_color_1);--awb-line-height:28.9px;--awb-icon-width:28.9px;--awb-icon-height:28.9px;--awb-icon-margin:11.9px;--awb-content-margin:40.8px;\" class=\"fusion-checklist fusion-checklist-1 type-icons\"><li class=\"fusion-li-item\" style=\"\"><span class=\"icon-wrapper circle-no\"><i class=\"fusion-li-icon fa-angle-right fas\" aria-hidden=\"true\"><\/i><\/span><div class=\"fusion-li-item-content\">\n<p>Evropska banka za obnovu i razvoj<\/p>\n<\/div><\/li><li class=\"fusion-li-item\" style=\"\"><span class=\"icon-wrapper circle-no\"><i class=\"fusion-li-icon fa-angle-right fas\" aria-hidden=\"true\"><\/i><\/span><div class=\"fusion-li-item-content\">JP EPBiH<\/div><\/li><li class=\"fusion-li-item\" style=\"\"><span class=\"icon-wrapper circle-no\"><i class=\"fusion-li-icon fa-angle-right fas\" aria-hidden=\"true\"><\/i><\/span><div class=\"fusion-li-item-content\">JP Ceste FBiH<\/div><\/li><li class=\"fusion-li-item\" style=\"\"><span class=\"icon-wrapper circle-no\"><i class=\"fusion-li-icon fa-angle-right fas\" aria-hidden=\"true\"><\/i><\/span><div class=\"fusion-li-item-content\">JP Autoceste BiH<\/div><\/li><li class=\"fusion-li-item\" style=\"\"><span class=\"icon-wrapper circle-no\"><i class=\"fusion-li-icon fa-angle-right fas\" aria-hidden=\"true\"><\/i><\/span><div class=\"fusion-li-item-content\">JP Spre\u010da d.d. Tuzla<\/div><\/li><\/ul><\/div><\/div><div class=\"fusion-layout-column fusion_builder_column fusion-builder-column-2 fusion_builder_column_1_2 1_2 fusion-flex-column fusion-flex-align-self-flex-start\" style=\"--awb-bg-size:cover;--awb-width-large:50%;--awb-margin-top-large:0px;--awb-spacing-right-large:3.84%;--awb-margin-bottom-large:20px;--awb-spacing-left-large:3.84%;--awb-width-medium:50%;--awb-order-medium:0;--awb-spacing-right-medium:3.84%;--awb-spacing-left-medium:3.84%;--awb-width-small:100%;--awb-order-small:0;--awb-spacing-right-small:1.92%;--awb-spacing-left-small:1.92%;\" data-scroll-devices=\"small-visibility,medium-visibility,large-visibility\"><div class=\"fusion-column-wrapper fusion-column-has-shadow fusion-flex-justify-content-flex-start fusion-content-layout-column\"><ul style=\"--awb-size:17px;--awb-item-padding-top:20px;--awb-item-padding-right:20px;--awb-item-padding-bottom:20px;--awb-item-padding-left:15px;--awb-odd-row-bgcolor:#f3f9f0;--awb-even-row-bgcolor:var(--awb-color1);--awb-iconcolor:var(--awb-custom_color_1);--awb-line-height:28.9px;--awb-icon-width:28.9px;--awb-icon-height:28.9px;--awb-icon-margin:11.9px;--awb-content-margin:40.8px;\" class=\"fusion-checklist fusion-checklist-2 type-icons\"><li class=\"fusion-li-item\" style=\"\"><span class=\"icon-wrapper circle-no\"><i class=\"fusion-li-icon fa-angle-right fas\" aria-hidden=\"true\"><\/i><\/span><div class=\"fusion-li-item-content\">\n<p>Fond otvoreno dru\u0161tvo BiH<\/p>\n<\/div><\/li><li class=\"fusion-li-item\" style=\"\"><span class=\"icon-wrapper circle-no\"><i class=\"fusion-li-icon fa-angle-right fas\" aria-hidden=\"true\"><\/i><\/span><div class=\"fusion-li-item-content\">Reset &#8211; Centar za odr\u017eivu energetsku tranziciju<\/div><\/li><li class=\"fusion-li-item\" style=\"\"><span class=\"icon-wrapper circle-no\"><i class=\"fusion-li-icon fa-angle-right fas\" aria-hidden=\"true\"><\/i><\/span><div class=\"fusion-li-item-content\">BH Telecom d.o.o.<\/div><\/li><li class=\"fusion-li-item\" style=\"\"><span class=\"icon-wrapper circle-no\"><i class=\"fusion-li-icon fa-angle-right fas\" aria-hidden=\"true\"><\/i><\/span><div class=\"fusion-li-item-content\">Elektro-Sever GmbH<\/div><\/li><li class=\"fusion-li-item\" style=\"\"><span class=\"icon-wrapper circle-no\"><i class=\"fusion-li-icon fa-angle-right fas\" aria-hidden=\"true\"><\/i><\/span><div class=\"fusion-li-item-content\">Go To Grund GmbH<\/div><\/li><\/ul><\/div><\/div><div class=\"fusion-layout-column fusion_builder_column fusion-builder-column-3 fusion_builder_column_1_2 1_2 fusion-flex-column fusion-flex-align-self-flex-start\" style=\"--awb-bg-size:cover;--awb-width-large:50%;--awb-margin-top-large:30px;--awb-spacing-right-large:3.84%;--awb-margin-bottom-large:20px;--awb-spacing-left-large:3.84%;--awb-width-medium:50%;--awb-order-medium:0;--awb-spacing-right-medium:3.84%;--awb-spacing-left-medium:3.84%;--awb-width-small:100%;--awb-order-small:0;--awb-spacing-right-small:1.92%;--awb-spacing-left-small:1.92%;\" data-scroll-devices=\"small-visibility,medium-visibility,large-visibility\"><div class=\"fusion-column-wrapper fusion-column-has-shadow fusion-flex-justify-content-flex-start fusion-content-layout-column\"><div class=\"fusion-text fusion-text-2\"><p>Aarhus -Centar BiH<\/p>\n<p>Imaco SystemTechnik d.o.o Usora<\/p>\n<p>Bio\u0161amp d.o.o. Te\u0161anj<\/p>\n<p>Interprocess d.o.o. Te\u0161anj<\/p>\n<p>TMD Group d.o.o. Grada\u010dac<\/p>\n<p>Krautz-Temax d.o.o. Ora\u0161je<\/p>\n<p>Profine BH d.o.o. \u017divinice<\/p>\n<p>Dobojinex d.o.o Doboj<\/p>\n<p>Eko Toplane d.o.o. Gra\u010danica<\/p>\n<p>Herceg d.o.o. Srebrenik<\/p>\n<p>Team Agro d.o.o. Grada\u010dac<\/p>\n<p>NTV Hayat d.o.o. Vogo\u0161\u0107a<\/p>\n<p>Grakop d.o.o. Kiseljak<\/p>\n<p>Bony d.o.o. \u017divinice<\/p>\n<p>Solar Energetics d.o.o. Doboj Istok<\/p>\n<p>Carinski termina d.o.o. Sarajevo<\/p>\n<p>Baupartner d.o.o. Lukavac<\/p>\n<p>EM Onix d.o.o. Lukavac<\/p>\n<p>Ingrat d.o.o. Gra\u010danica<\/p>\n<p>Me\u0161i\u0107-COM d.o.o Grada\u010dac<\/p>\n<p>JU Druga gimnazija Sarajevo<\/p>\n<p>Specijalisti\u010dka stomatolo\u0161ka ordinacija Dr. Suljkanovi\u0107 \u2013 Doboj Istok<\/p>\n<p>Almid d.o.o. Gora\u017ede<\/p>\n<p>Narfh d.o.o. Gora\u017ede<\/p>\n<p>O4 Projekt d.o.o. Gora\u017ede<\/p>\n<p>Solsida d.o.o. Sarajevo<\/p>\n<p>JZU Dom zdravlja Doboj Istok<\/p>\n<p>Gradska dvorana d.o.o. \u017divinice<\/p>\n<p>Dom zdravlja \u201eDr.Rosa Had\u017eivukovi\u0107\u201c Lopare<\/p>\n<p>Med\u017elis Islamske zajednice Tuzla<\/p>\n<p>Bauklar d.o.o. Lukavac<\/p>\n<p>Manico d.o.o. Doboj Istok<\/p>\n<p>Limpio d.o.o. Tuzla<\/p>\n<p>Prosam d.o.o. Grada\u010dac<\/p>\n<p>Hummer d.o.o. Vogo\u0161\u0107a<\/p>\n<p>Tehna d.o.o. Gra\u010danica<\/p>\n<p>Siholz d.o.o. Doboj Jug<\/p>\n<p>Klaus Lehmann d.o.o. Gra\u010danica<\/p>\n<p>E- Well d.o.o. Sarajevo<\/p>\n<p>Idex Group d.o.o. Busova\u010da<\/p>\n<p>Jadrina d.o.o. Gra\u010danica<\/p>\n<p>DeLux Europrofi d.o.o. Grada\u010dac<\/p>\n<p>Gradmont d.o.o. Grada\u010dac<\/p>\n<\/div><\/div><\/div><div class=\"fusion-layout-column fusion_builder_column fusion-builder-column-4 fusion_builder_column_1_2 1_2 fusion-flex-column fusion-flex-align-self-flex-start\" style=\"--awb-bg-size:cover;--awb-width-large:50%;--awb-margin-top-large:30px;--awb-spacing-right-large:3.84%;--awb-margin-bottom-large:20px;--awb-spacing-left-large:3.84%;--awb-width-medium:50%;--awb-order-medium:0;--awb-spacing-right-medium:3.84%;--awb-spacing-left-medium:3.84%;--awb-width-small:100%;--awb-order-small:0;--awb-spacing-right-small:1.92%;--awb-spacing-left-small:1.92%;\" data-scroll-devices=\"small-visibility,medium-visibility,large-visibility\"><div class=\"fusion-column-wrapper fusion-column-has-shadow fusion-flex-justify-content-flex-start fusion-content-layout-column\"><div class=\"fusion-text fusion-text-3\"><p>Elmont d.o.o. \u017dep\u010de<\/p>\n<p>Alma Ras d.o.o. Olovo<\/p>\n<p>Tring d.o.o. Gra\u010danica<\/p>\n<p>Gri\u010d Plast d.o.o. Gra\u010danica<\/p>\n<p>Termoglas d.o.o. Banovi\u0107i<\/p>\n<p>Furnir Fix d.o.o. Doboj Istok<\/p>\n<p>Emos Trade d.o.o. Doboj Istok<\/p>\n<p>Autocentar BH d.o.o. Sarajevo<\/p>\n<p>Eminal d.o.o. \u017divinice<\/p>\n<p>Unapromet d.o.o. Cazin<\/p>\n<p>Vo\u0107e Tranzit d.o.o. Grada\u010dac<\/p>\n<p>Eco Global d.o.o. Gra\u010danica<\/p>\n<p>EuroProst d.o.o. Gra\u010danica<\/p>\n<p>Adix d.o.o. Sarajevo<\/p>\n<p>Dobojpromet d.o.o. Doboj Istok<\/p>\n<p>Megamix d.o.o. Sarajevo<\/p>\n<p>Export Fenestar d.o.o. Banja Luka<\/p>\n<p>Termoflux d.o.o. Jajce<\/p>\n<p>Drvostil d.o.o. Zavidovi\u0107i<\/p>\n<p>LokoBau d.o.o. Zavidovi\u0107i<\/p>\n<p>D\u017eambo d.o.o. Gra\u010danica<\/p>\n<p>Respect d.o.o. Sarajevo<\/p>\n<p>Majnani d.o.o. Usora<\/p>\n<p>Tvornica Cementa Kakanj<\/p>\n<p>Mercator BH d.o.o. Sarajevo<\/p>\n<p>Carpet Planet d.o.o. Biha\u0107<\/p>\n<p>Ferplast d.o.o. Vogo\u0161\u0107a<\/p>\n<p>Semi\u0107 d.o.o. Visoko<\/p>\n<p>Hotel SAX d.o.o. Gra\u010danica<\/p>\n<p>AVIS d.o.o. Gra\u010danica<\/p>\n<p>MDG International d.o.o. Vogo\u0161\u0107a<\/p>\n<p>Gad\u017eo Commerce d.o.o. Sarajevo<\/p>\n<p>VPC Atom d.o.o. Sarajevo<\/p>\n<p>Plamingo d.o.o. Gra\u010danica<\/p>\n<p>Nansi d.o.o. \u017dep\u010de<\/p>\n<p>Med\u017elis Islamske zajednice Te\u0161anj<\/p>\n<p>Veterinarska stanica Concentrana Vett d.o.o. Doboj Istok<\/p>\n<p>Menprom d.o.o. Tuzla<\/p>\n<p>Koala Paintings d.o.o. Te\u0161anj<\/p>\n<p>Kalima Resort Mostar<\/p>\n<p>Planjax d.o.o. Te\u0161anj<\/p>\n<p>Kismet d.o.o. Doboj Istok<\/p>\n<\/div><\/div><\/div><\/div><\/div>\n","protected":false},"excerpt":{"rendered":"","protected":false},"author":1,"featured_media":0,"parent":0,"menu_order":0,"comment_status":"closed","ping_status":"closed","template":"100-width.php","meta":{"_acf_changed":false,"footnotes":""},"class_list":["post-5190","page","type-page","status-publish","hentry"],"acf":[],"yoast_head":"<!-- This site is optimized with the Yoast SEO plugin v25.4 - https:\/\/yoast.com\/wordpress\/plugins\/seo\/ -->\n<title>ATS Institute Sarajevo | List of over 100 companies and institutions<\/title>\n<meta name=\"description\" content=\"List of over 100 companies and institutions (full list available in Bosnian source document). Review the list, please.\" \/>\n<meta name=\"robots\" content=\"index, follow, max-snippet:-1, max-image-preview:large, max-video-preview:-1\" \/>\n<link rel=\"canonical\" href=\"https:\/\/ats.ba\/en\/clients-2\/\" \/>\n<meta property=\"og:locale\" content=\"en_US\" \/>\n<meta property=\"og:type\" content=\"article\" \/>\n<meta property=\"og:title\" content=\"ATS Institute Sarajevo | List of over 100 companies and institutions\" \/>\n<meta property=\"og:description\" content=\"List of over 100 companies and institutions (full list available in Bosnian source document). Review the list, please.\" \/>\n<meta property=\"og:url\" content=\"https:\/\/ats.ba\/en\/clients-2\/\" \/>\n<meta property=\"og:site_name\" content=\"Institut za napredne tehnologije i sisteme\" \/>\n<meta name=\"twitter:card\" content=\"summary_large_image\" \/>\n<meta name=\"twitter:label1\" content=\"Est. reading time\" \/>\n\t<meta name=\"twitter:data1\" content=\"2 minutes\" \/>\n<script type=\"application\/ld+json\" class=\"yoast-schema-graph\">{\"@context\":\"https:\/\/schema.org\",\"@graph\":[{\"@type\":\"WebPage\",\"@id\":\"https:\/\/ats.ba\/en\/clients-2\/\",\"url\":\"https:\/\/ats.ba\/en\/clients-2\/\",\"name\":\"ATS Institute Sarajevo | List of over 100 companies and institutions\",\"isPartOf\":{\"@id\":\"https:\/\/ats.ba\/en\/#website\"},\"datePublished\":\"2025-07-06T10:32:52+00:00\",\"description\":\"List of over 100 companies and institutions (full list available in Bosnian source document). Review the list, please.\",\"breadcrumb\":{\"@id\":\"https:\/\/ats.ba\/en\/clients-2\/#breadcrumb\"},\"inLanguage\":\"en-US\",\"potentialAction\":[{\"@type\":\"ReadAction\",\"target\":[\"https:\/\/ats.ba\/en\/clients-2\/\"]}]},{\"@type\":\"BreadcrumbList\",\"@id\":\"https:\/\/ats.ba\/en\/clients-2\/#breadcrumb\",\"itemListElement\":[{\"@type\":\"ListItem\",\"position\":1,\"name\":\"Home\",\"item\":\"https:\/\/ats.ba\/en\/\"},{\"@type\":\"ListItem\",\"position\":2,\"name\":\"Clients\"}]},{\"@type\":\"WebSite\",\"@id\":\"https:\/\/ats.ba\/en\/#website\",\"url\":\"https:\/\/ats.ba\/en\/\",\"name\":\"Institut za napredne tehnologije i sisteme\",\"description\":\"ATS Sarajevo\",\"alternateName\":\"ATS Sarajevo\",\"potentialAction\":[{\"@type\":\"SearchAction\",\"target\":{\"@type\":\"EntryPoint\",\"urlTemplate\":\"https:\/\/ats.ba\/en\/?s={search_term_string}\"},\"query-input\":{\"@type\":\"PropertyValueSpecification\",\"valueRequired\":true,\"valueName\":\"search_term_string\"}}],\"inLanguage\":\"en-US\"}]}<\/script>\n<!-- \/ Yoast SEO plugin. -->","yoast_head_json":{"title":"ATS Institute Sarajevo | List of over 100 companies and institutions","description":"List of over 100 companies and institutions (full list available in Bosnian source document). Review the list, please.","robots":{"index":"index","follow":"follow","max-snippet":"max-snippet:-1","max-image-preview":"max-image-preview:large","max-video-preview":"max-video-preview:-1"},"canonical":"https:\/\/ats.ba\/en\/clients-2\/","og_locale":"en_US","og_type":"article","og_title":"ATS Institute Sarajevo | List of over 100 companies and institutions","og_description":"List of over 100 companies and institutions (full list available in Bosnian source document). Review the list, please.","og_url":"https:\/\/ats.ba\/en\/clients-2\/","og_site_name":"Institut za napredne tehnologije i sisteme","twitter_card":"summary_large_image","twitter_misc":{"Est. reading time":"2 minutes"},"schema":{"@context":"https:\/\/schema.org","@graph":[{"@type":"WebPage","@id":"https:\/\/ats.ba\/en\/clients-2\/","url":"https:\/\/ats.ba\/en\/clients-2\/","name":"ATS Institute Sarajevo | List of over 100 companies and institutions","isPartOf":{"@id":"https:\/\/ats.ba\/en\/#website"},"datePublished":"2025-07-06T10:32:52+00:00","description":"List of over 100 companies and institutions (full list available in Bosnian source document). Review the list, please.","breadcrumb":{"@id":"https:\/\/ats.ba\/en\/clients-2\/#breadcrumb"},"inLanguage":"en-US","potentialAction":[{"@type":"ReadAction","target":["https:\/\/ats.ba\/en\/clients-2\/"]}]},{"@type":"BreadcrumbList","@id":"https:\/\/ats.ba\/en\/clients-2\/#breadcrumb","itemListElement":[{"@type":"ListItem","position":1,"name":"Home","item":"https:\/\/ats.ba\/en\/"},{"@type":"ListItem","position":2,"name":"Clients"}]},{"@type":"WebSite","@id":"https:\/\/ats.ba\/en\/#website","url":"https:\/\/ats.ba\/en\/","name":"Institut za napredne tehnologije i sisteme","description":"ATS Sarajevo","alternateName":"ATS Sarajevo","potentialAction":[{"@type":"SearchAction","target":{"@type":"EntryPoint","urlTemplate":"https:\/\/ats.ba\/en\/?s={search_term_string}"},"query-input":{"@type":"PropertyValueSpecification","valueRequired":true,"valueName":"search_term_string"}}],"inLanguage":"en-US"}]}},"_links":{"self":[{"href":"https:\/\/ats.ba\/en\/wp-json\/wp\/v2\/pages\/5190","targetHints":{"allow":["GET"]}}],"collection":[{"href":"https:\/\/ats.ba\/en\/wp-json\/wp\/v2\/pages"}],"about":[{"href":"https:\/\/ats.ba\/en\/wp-json\/wp\/v2\/types\/page"}],"author":[{"embeddable":true,"href":"https:\/\/ats.ba\/en\/wp-json\/wp\/v2\/users\/1"}],"replies":[{"embeddable":true,"href":"https:\/\/ats.ba\/en\/wp-json\/wp\/v2\/comments?post=5190"}],"version-history":[{"count":1,"href":"https:\/\/ats.ba\/en\/wp-json\/wp\/v2\/pages\/5190\/revisions"}],"predecessor-version":[{"id":5192,"href":"https:\/\/ats.ba\/en\/wp-json\/wp\/v2\/pages\/5190\/revisions\/5192"}],"wp:attachment":[{"href":"https:\/\/ats.ba\/en\/wp-json\/wp\/v2\/media?parent=5190"}],"curies":[{"name":"wp","href":"https:\/\/api.w.org\/{rel}","templated":true}]}}